{"id":62,"date":"2023-07-23T10:38:20","date_gmt":"2023-07-23T08:38:20","guid":{"rendered":"https:\/\/leajung.net\/?page_id=62"},"modified":"2023-12-06T11:27:17","modified_gmt":"2023-12-06T10:27:17","slug":"talks-and-presentations","status":"publish","type":"page","link":"https:\/\/leajung.net\/?page_id=62&lang=en","title":{"rendered":"talks and presentations"},"content":{"rendered":"\n<p>academic talks and presentations<\/p>\n\n\n\n<figure class=\"wp-block-table\"><table><tbody><tr><td><em>2024<\/em><\/td><td><em>16.01.24 &#8222;Musical Cyborgs&#8220; &#8211; Werkstattbericht und Podiumsdiskussion: KI in der Lehre im der Reihe &#8222;ChatGPT &#8211; was geht mich das an?&#8220;, HfM Franz Liszt Weimar, Netzwerk Musikhochschulen 4.0<\/em><\/td><\/tr><tr><td>2023<\/td><td>\u201cTaking Up Space. Safer and Digital Spaces created by feminist music networks\u201d, IASPM international, Minneapolis and online&nbsp;<a rel=\"noreferrer noopener\" href=\"https:\/\/iaspm-us.wildapricot.org\/Program\" target=\"_blank\">Popular Music in Crisis<\/a><\/td><\/tr><tr><td>2023<\/td><td>Gender Digital Gap and digital music production \/ Prof. Dr. Florian Heesch and Lea Jung \/ University of Ghana\/ Accra<\/td><\/tr><tr><td>2023<\/td><td>\u201cTaking Up Space. Safer and Digital Spaces created by feminist music networks\u201d \/ University of Helsinki&nbsp;<a rel=\"noreferrer noopener\" href=\"https:\/\/www.helsinki.fi\/en\/conferences\/music-research-and-activism\" target=\"_blank\">Music, Research and Activism<\/a><\/td><\/tr><tr><td>2023<\/td><td>Panel discussion \u201cGesichter zeigen \u2013 Vielfalt st\u00e4rken\u201d \/ HfMT K\u00f6ln \/&nbsp;<a rel=\"noreferrer noopener\" href=\"https:\/\/www.hfmt-koeln.de\/gleichstellung\/\" target=\"_blank\">Cit\u00e9 des Dames<\/a><\/td><\/tr><tr><td>2022<\/td><td>\u201eRiot Grrrls revisited?\u201c \/ Kulturen popul\u00e4rer Unterhaltung und Vergn\u00fcgung der Deutschen Gesellschaft f\u00fcr Empirische Kulturwissenschaft \/&nbsp;<a rel=\"noreferrer noopener\" href=\"https:\/\/dlf.uzh.ch\/sites\/maedchenfantasien\/\" target=\"_blank\">M\u00e4dchen*fantasien<\/a> \/ Z\u00fcrich<\/td><\/tr><tr><td>2022<\/td><td>\u201eGenderkonnotationen von Instrumenten im Fokus der Musikforschung und -p\u00e4dagogik\u201d \/ HfMT K\u00f6ln \/&nbsp;<a rel=\"noreferrer noopener\" href=\"https:\/\/www.hfmt-koeln.de\/gleichstellung\/\" target=\"_blank\">Cit\u00e9 des Dames<\/a><\/td><\/tr><tr><td>2022<\/td><td>\u201ePodcasts als Medium in Projektseminaren\u201c \/ Tag der digitalen Lehre \/ HfMT K\u00f6ln<\/td><\/tr><tr><td>2020<\/td><td>&#8222;Doing Gender beim gemeinsamen Musikmachen&#8220; \/ Gesellschaft f\u00fcr Popularmusikforschung \/ Mannheim und online &#8222;Macht und Bedrohung im Kontext popul\u00e4rer Musik&#8220;<\/td><\/tr><tr><td>2018<\/td><td>&#8222;Katy Perry und die Problematik der kulturellen Aneignung&#8220; \/ Gesellschaft f\u00fcr Popularmusikforschung \/ Oldenburg &#8222;(Des-)Orientierungen popul\u00e4rer Musik&#8220;<\/td><\/tr><\/tbody><\/table><\/figure>\n\n\n\n<p>further talks <\/p>\n\n\n\n<figure class=\"wp-block-table\"><table><tbody><tr><td>2022 Filmforum rlp\/ Designforum rlp<\/td><td>Panel discussion and sessionhost \/ Gutenberg Digital Hub Mainz \/&nbsp;<a rel=\"noreferrer noopener\" href=\"https:\/\/www.gutenberg-digital-hub.de\/women-and-media-2022\/\" target=\"_blank\">Women And Media<\/a><\/td><\/tr><tr><td>2015-2021<br>DRK Landesverband Rheinland-Pfalz e.V.<\/td><td>Referentin f\u00fcr Fortbildungen zu Anti-Bias in der Sozialen Arbeit, Methodik-Workshops und Kreativit\u00e4tstechniken<\/td><\/tr><tr><td>2013-2021<br>DRK Landesverband Rheinland-Pfalz e.V<\/td><td>Workshops f\u00fcr Personen im Freiwilligendienst zu gesellschaftlichspolitischen, k\u00fcnstlerischen und kulturellen Schwerpunkten<\/td><\/tr><\/tbody><\/table><\/figure>\n","protected":false},"excerpt":{"rendered":"<p>academic talks and presentations 2024 16.01.24 &#8222;Musical Cyborgs&#8220; &#8211; Werkstattbericht und Podiumsdiskussion: KI in der Lehre im der Reihe &#8222;ChatGPT &#8211; was geht mich das an?&#8220;, HfM Franz Liszt Weimar, Netzwerk Musikhochschulen 4.0 2023 \u201cTaking Up Space. Safer and Digital Spaces created by feminist music networks\u201d, IASPM international, Minneapolis and online&nbsp;Popular Music in Crisis 2023 [&hellip;]<\/p>\n","protected":false},"author":1,"featured_media":0,"parent":0,"menu_order":0,"comment_status":"closed","ping_status":"closed","template":"","meta":{"footnotes":""},"class_list":["post-62","page","type-page","status-publish","hentry"],"_links":{"self":[{"href":"https:\/\/leajung.net\/index.php?rest_route=\/wp\/v2\/pages\/62","targetHints":{"allow":["GET"]}}],"collection":[{"href":"https:\/\/leajung.net\/index.php?rest_route=\/wp\/v2\/pages"}],"about":[{"href":"https:\/\/leajung.net\/index.php?rest_route=\/wp\/v2\/types\/page"}],"author":[{"embeddable":true,"href":"https:\/\/leajung.net\/index.php?rest_route=\/wp\/v2\/users\/1"}],"replies":[{"embeddable":true,"href":"https:\/\/leajung.net\/index.php?rest_route=%2Fwp%2Fv2%2Fcomments&post=62"}],"version-history":[{"count":5,"href":"https:\/\/leajung.net\/index.php?rest_route=\/wp\/v2\/pages\/62\/revisions"}],"predecessor-version":[{"id":256,"href":"https:\/\/leajung.net\/index.php?rest_route=\/wp\/v2\/pages\/62\/revisions\/256"}],"wp:attachment":[{"href":"https:\/\/leajung.net\/index.php?rest_route=%2Fwp%2Fv2%2Fmedia&parent=62"}],"curies":[{"name":"wp","href":"https:\/\/api.w.org\/{rel}","templated":true}]}}