{"id":160,"date":"2023-07-23T15:51:52","date_gmt":"2023-07-23T13:51:52","guid":{"rendered":"https:\/\/leajung.net\/?page_id=160"},"modified":"2025-09-17T13:32:16","modified_gmt":"2025-09-17T11:32:16","slug":"work-experiences","status":"publish","type":"page","link":"https:\/\/leajung.net\/?page_id=160","title":{"rendered":"work experiences"},"content":{"rendered":"\n<p>Ich arbeite als Projektleitung des <a href=\"https:\/\/www.musikforum-rlp.de\/\" data-type=\"link\" data-id=\"https:\/\/www.musikforum-rlp.de\/\">Musikforums Rheinland-Pfalz <\/a>unter Tr\u00e4gerschaft von pop rlp und veranstalte in diesem Rahmen den <a href=\"https:\/\/www.musikforum-rlp.de\/musicsummit\">MUSIC SUMMIT<\/a> 2025. In meinem Dissertationsprojekt &#8222;Erwartungsmanagement als Gendermanagement beim Musikmachen&#8220; nehme ich die Reibungen von inneren und \u00e4u\u00dferen Erwartungen als Teil der Konstruktion von Geschlecht in den Blick. <\/p>\n\n\n\n<p>Meinen Bachelor of Arts habe ich in Musikp\u00e4dagogik, Musikwissenschaft und Erziehungswissenschaft an der Justus-Liebig-Universit\u00e4t Gie\u00dfen abgeschlossen. An der Universit\u00e4t Koblenz-Landau habe ich meinen Master of Arts in Kulturwissenschaften absolviert.<br>Zu meinen weiteren Projektleitungen geh\u00f6rten sowohl Hochschulprojekte, wie das Lehr- und Podcastprojekt &#8222;Gesichter zeigen &#8211; Vielfalt st\u00e4rken! Portr\u00e4ts der HfMT in Geschichte und Gegenwart&#8220; an der Hochschule f\u00fcr Musik und Tanz K\u00f6ln oder F\u00f6rderprojekte wie &#8222;in:balance &#8211; Projekt f\u00fcr Geschlechtergerechtigkeit&#8220; von pop rlp (mehr zu diesen und anderen Projekten <a href=\"https:\/\/leajung.net\/?page_id=207\" data-type=\"URL\" data-id=\"https:\/\/leajung.net\/?page_id=207\">hier<\/a>). <\/p>\n\n\n\n<p>Ich arbeitete l\u00e4nger in Academia, als wissenschaftliche Mitarbeiterin im Team f\u00fcr Popul\u00e4re Musik und Gender Studies an der Universit\u00e4t Siegen und sowie als Lehrbeauftragte an der Hochschule f\u00fcr Musik und Tanz K\u00f6ln. Langj\u00e4hrige Erfahrungen in der Erwachsenenbildung und Jugendarbeit sowie in der kulturellen Bildung sind weitere Stationen meines Lebenslaufs.<\/p>\n\n\n\n<p><\/p>\n\n\n\n<pre id=\"block-c2288530-a967-4dd3-892c-98e2a5a30192\" class=\"wp-block-preformatted\"><\/pre>\n","protected":false},"excerpt":{"rendered":"<p>Ich arbeite als Projektleitung des Musikforums Rheinland-Pfalz unter Tr\u00e4gerschaft von pop rlp und veranstalte in diesem Rahmen den MUSIC SUMMIT 2025. In meinem Dissertationsprojekt &#8222;Erwartungsmanagement als Gendermanagement beim Musikmachen&#8220; nehme ich die Reibungen von inneren und \u00e4u\u00dferen Erwartungen als Teil der Konstruktion von Geschlecht in den Blick. Meinen Bachelor of Arts habe ich in Musikp\u00e4dagogik, [&hellip;]<\/p>\n","protected":false},"author":1,"featured_media":0,"parent":0,"menu_order":0,"comment_status":"closed","ping_status":"closed","template":"","meta":{"footnotes":""},"class_list":["post-160","page","type-page","status-publish","hentry"],"_links":{"self":[{"href":"https:\/\/leajung.net\/index.php?rest_route=\/wp\/v2\/pages\/160","targetHints":{"allow":["GET"]}}],"collection":[{"href":"https:\/\/leajung.net\/index.php?rest_route=\/wp\/v2\/pages"}],"about":[{"href":"https:\/\/leajung.net\/index.php?rest_route=\/wp\/v2\/types\/page"}],"author":[{"embeddable":true,"href":"https:\/\/leajung.net\/index.php?rest_route=\/wp\/v2\/users\/1"}],"replies":[{"embeddable":true,"href":"https:\/\/leajung.net\/index.php?rest_route=%2Fwp%2Fv2%2Fcomments&post=160"}],"version-history":[{"count":10,"href":"https:\/\/leajung.net\/index.php?rest_route=\/wp\/v2\/pages\/160\/revisions"}],"predecessor-version":[{"id":331,"href":"https:\/\/leajung.net\/index.php?rest_route=\/wp\/v2\/pages\/160\/revisions\/331"}],"wp:attachment":[{"href":"https:\/\/leajung.net\/index.php?rest_route=%2Fwp%2Fv2%2Fmedia&parent=160"}],"curies":[{"name":"wp","href":"https:\/\/api.w.org\/{rel}","templated":true}]}}