{"id":157,"date":"2023-07-23T15:50:13","date_gmt":"2023-07-23T13:50:13","guid":{"rendered":"https:\/\/leajung.net\/?page_id=157"},"modified":"2025-09-17T13:07:10","modified_gmt":"2025-09-17T11:07:10","slug":"talks-and-presentations-2","status":"publish","type":"page","link":"https:\/\/leajung.net\/?page_id=157","title":{"rendered":"talks and presentations"},"content":{"rendered":"\n<figure class=\"wp-block-table is-style-stripes\"><table><tbody><tr><td>2025 National Womens Festival, Middleton, USA<\/td><td><strong>recording workshop<\/strong> for women<\/td><\/tr><tr><td>2024 JUZ Bad Homburg<\/td><td><strong>Recordingworkshop f<\/strong>\u00fcr junge FLINTA*\/ M\u00e4dchen<\/td><\/tr><tr><td>2022 Filmforum rlp\/ Designforum rlp<\/td><td><strong>Panelistin und Sessionhost <a href=\"https:\/\/www.gutenberg-digital-hub.de\/women-and-media-2022\/\" target=\"_blank\" rel=\"noreferrer noopener\">Women And Media<\/a><\/strong> \/ Gutenberg Digital Hub Mainz<\/td><\/tr><tr><td>2015-2021<br>DRK Landesverband Rheinland-Pfalz e.V.<\/td><td>Referentin f\u00fcr Fortbildungen zu <strong>Anti-Bias in der Sozialen Arbeit, Methodik-Workshops und Kreativit\u00e4tstechniken<\/strong><\/td><\/tr><tr><td>2013-2021<br>DRK Landesverband Rheinland-Pfalz e.V<\/td><td>Workshops f\u00fcr Personen im Freiwilligendienst zu <strong>gesellschaftlichspolitischen, k\u00fcnstlerischen und kulturellen Schwerpunkten<\/strong><\/td><\/tr><\/tbody><\/table><\/figure>\n\n\n\n<p>Wissenschaftliche Vortr\u00e4ge und Panels<\/p>\n\n\n\n<p><\/p>\n\n\n\n<figure class=\"wp-block-table is-style-stripes\"><table><tbody><tr><td>2024<\/td><td><strong>16.01.24<\/strong><em> <\/em><strong>&#8222;Musical Cyborgs&#8220; &#8211; Werkstattbericht und Podiumsdiskussion: KI in der Lehre im der Reihe &#8222;ChatGPT &#8211; was geht mich das an?&#8220;<\/strong>, HfM Franz Liszt Weimar, Netzwerk Musikhochschulen 4.0<\/td><\/tr><tr><td>2023<\/td><td><strong>\u201cTaking Up Space. Safer and Digital Spaces created by feminist music networks\u201d, IASPM<\/strong> international, Minneapolis und online&nbsp;<a rel=\"noreferrer noopener\" href=\"https:\/\/iaspm-us.wildapricot.org\/Program\" target=\"_blank\">Popular Music in Crisis<\/a><\/td><\/tr><tr><td>2023<\/td><td><strong>&#8222;Music production for Everybody? Exploring the Gender Digital Gap in Sound Cultures&#8220; <\/strong>\/ Prof. Dr. Florian Heesch and Lea Jung \/ University of Ghana\/ Accra<\/td><\/tr><tr><td>2023<\/td><td><strong>\u201cTaking Up Space. Safer and Digital Spaces created by feminist music networks\u201d<\/strong> \/ University of Helsinki&nbsp;<a rel=\"noreferrer noopener\" href=\"https:\/\/www.helsinki.fi\/en\/conferences\/music-research-and-activism\" target=\"_blank\">Music, Research and Activism<\/a><\/td><\/tr><tr><td>2023<\/td><td>Podiumsdiskussion <strong>\u201cGesichter zeigen \u2013 Vielfalt st\u00e4rken!\u201d<\/strong> \/ HfMT K\u00f6ln \/&nbsp;<a rel=\"noreferrer noopener\" href=\"https:\/\/www.hfmt-koeln.de\/gleichstellung\/\" target=\"_blank\">Cit\u00e9 des Dames<\/a><\/td><\/tr><tr><td>2022<\/td><td><strong>\u201eRiot Grrrls revisited? An- und Umeignungen\u201c<\/strong> \/ Kulturen popul\u00e4rer Unterhaltung und Vergn\u00fcgung der Deutschen Gesellschaft f\u00fcr Empirische Kulturwissenschaft \/&nbsp;<a rel=\"noreferrer noopener\" href=\"https:\/\/dlf.uzh.ch\/sites\/maedchenfantasien\/\" target=\"_blank\">M\u00e4dchen*fantasien<\/a> \/ Z\u00fcrich<\/td><\/tr><tr><td>2022<\/td><td><strong>\u201eGenderkonnotationen von Instrumenten im Fokus der Musikforschung und -p\u00e4dagogik\u201d<\/strong> \/ HfMT K\u00f6ln \/&nbsp;<a rel=\"noreferrer noopener\" href=\"https:\/\/www.hfmt-koeln.de\/gleichstellung\/\" target=\"_blank\">Cit\u00e9 des Dames<\/a><\/td><\/tr><tr><td>2022<\/td><td><strong>\u201ePodcasts als Medium in Projektseminaren\u201c<\/strong> \/ Tag der digitalen Lehre \/ HfMT K\u00f6ln<\/td><\/tr><tr><td>2020<\/td><td><strong>&#8222;Doing Gender beim gemeinsamen Musikmachen&#8220;<\/strong> \/ Gesellschaft f\u00fcr Popularmusikforschung \/ Mannheim und online <a rel=\"noreferrer noopener\" href=\"http:\/\/wp.popularmusikforschung.de\/wp-content\/uploads\/2021\/10\/programm2020.pdf\" data-type=\"URL\" data-id=\"http:\/\/wp.popularmusikforschung.de\/wp-content\/uploads\/2021\/10\/programm2020.pdf\" target=\"_blank\">&#8222;Macht und Bedrohung im Kontext popul\u00e4rer Musik&#8220;<\/a><\/td><\/tr><tr><td>2018<\/td><td><strong>&#8222;Katy Perry und die Problematik der kulturellen Aneignung&#8220;<\/strong> \/ Gesellschaft f\u00fcr Popularmusikforschung \/ Oldenburg <a rel=\"noreferrer noopener\" href=\"http:\/\/wp.popularmusikforschung.de\/wp-content\/uploads\/2021\/10\/Programmheft-GfPM-2018-Oldenburg.pdf\" data-type=\"URL\" data-id=\"http:\/\/wp.popularmusikforschung.de\/wp-content\/uploads\/2021\/10\/Programmheft-GfPM-2018-Oldenburg.pdf\" target=\"_blank\">&#8222;(Des-)Orientierungen popul\u00e4rer Musik&#8220;<\/a><\/td><\/tr><\/tbody><\/table><\/figure>\n\n\n\n<pre id=\"block-c2288530-a967-4dd3-892c-98e2a5a30192\" class=\"wp-block-preformatted\"><\/pre>\n","protected":false},"excerpt":{"rendered":"<p>2025 National Womens Festival, Middleton, USA recording workshop for women 2024 JUZ Bad Homburg Recordingworkshop f\u00fcr junge FLINTA*\/ M\u00e4dchen 2022 Filmforum rlp\/ Designforum rlp Panelistin und Sessionhost Women And Media \/ Gutenberg Digital Hub Mainz 2015-2021DRK Landesverband Rheinland-Pfalz e.V. Referentin f\u00fcr Fortbildungen zu Anti-Bias in der Sozialen Arbeit, Methodik-Workshops und Kreativit\u00e4tstechniken 2013-2021DRK Landesverband Rheinland-Pfalz e.V [&hellip;]<\/p>\n","protected":false},"author":1,"featured_media":0,"parent":0,"menu_order":0,"comment_status":"closed","ping_status":"closed","template":"","meta":{"footnotes":""},"class_list":["post-157","page","type-page","status-publish","hentry"],"_links":{"self":[{"href":"https:\/\/leajung.net\/index.php?rest_route=\/wp\/v2\/pages\/157","targetHints":{"allow":["GET"]}}],"collection":[{"href":"https:\/\/leajung.net\/index.php?rest_route=\/wp\/v2\/pages"}],"about":[{"href":"https:\/\/leajung.net\/index.php?rest_route=\/wp\/v2\/types\/page"}],"author":[{"embeddable":true,"href":"https:\/\/leajung.net\/index.php?rest_route=\/wp\/v2\/users\/1"}],"replies":[{"embeddable":true,"href":"https:\/\/leajung.net\/index.php?rest_route=%2Fwp%2Fv2%2Fcomments&post=157"}],"version-history":[{"count":10,"href":"https:\/\/leajung.net\/index.php?rest_route=\/wp\/v2\/pages\/157\/revisions"}],"predecessor-version":[{"id":326,"href":"https:\/\/leajung.net\/index.php?rest_route=\/wp\/v2\/pages\/157\/revisions\/326"}],"wp:attachment":[{"href":"https:\/\/leajung.net\/index.php?rest_route=%2Fwp%2Fv2%2Fmedia&parent=157"}],"curies":[{"name":"wp","href":"https:\/\/api.w.org\/{rel}","templated":true}]}}