{"id":151,"date":"2023-07-23T15:43:56","date_gmt":"2023-07-23T13:43:56","guid":{"rendered":"https:\/\/leajung.net\/?page_id=151"},"modified":"2025-03-11T15:07:59","modified_gmt":"2025-03-11T14:07:59","slug":"music-and-art-2","status":"publish","type":"page","link":"https:\/\/leajung.net\/?page_id=151","title":{"rendered":"Musik und Kunst"},"content":{"rendered":"\n<p><strong>\/\/ bass guitar \/\/ synths \/\/ producing \/\/ guitar \/\/<\/strong><\/p>\n\n\n\n<p><\/p>\n\n\n\n<ul class=\"wp-block-list\">\n<li>Gitarre, Producing bei <a href=\"https:\/\/www.instagram.com\/masche.3000\/\" data-type=\"link\" data-id=\"https:\/\/www.instagram.com\/masche.3000\/\">Masche 3000<\/a><\/li>\n\n\n\n<li>Solo electronic music project &#8222;<a href=\"https:\/\/soundcloud.com\/preparing4mymidlifecrisis\">preparingformymidlifecrisis<\/a>&#8220; <\/li>\n\n\n\n<li>Bass, Synths, bei <a href=\"https:\/\/agathamusic.de\/\" target=\"_blank\" rel=\"noreferrer noopener\">AGATHA<\/a><\/li>\n\n\n\n<li>Initiatorin, Organisatorin und Konzeption f\u00fcr besondere R\u00e4ume zum Musikmachen, wie einem <a href=\"https:\/\/leajung.net\/?p=165\">Producing-Online-Co-Working-Space und einer Workshopreihe zum Einstieg ins Producing f\u00fcr FLINTA*<\/a> und <a href=\"https:\/\/leajung.net\/?p=174\">Songwriting-Workshops und -wochenenden f\u00fcr FLINTA*<\/a>, <a href=\"https:\/\/leajung.net\/?p=278\" data-type=\"link\" data-id=\"https:\/\/leajung.net\/?p=278\">Recordingworkshops f\u00fcr M\u00e4dchen\/ junge FLINTA*<\/a>.<\/li>\n<\/ul>\n\n\n\n<p><\/p>\n\n\n\n<p><strong>\/\/ \u00d6lmalerei \/\/ Zeichnungen \/\/ Linolschnitt \/\/<\/strong><\/p>\n\n\n\n<p>In meinen k\u00fcnstlerisch-bildnerischen Arbeiten faszinieren mich im Besonderen Portr\u00e4ts und popkulturelle Motive. Mein bevorzugtes Medium ist \u00d6lfarbe, da sie mir erm\u00f6glicht sowohl filigran als auch pastos zu arbeiten und eine besondere Brillanz von Farbe zul\u00e4sst.<\/p>\n\n\n\n<p><strong>M\u00e4rz 2025: <\/strong>erste Ausstellung im Rahmen von <a href=\"https:\/\/www.instagram.com\/p\/DGTnO3Num9E\/\" data-type=\"link\" data-id=\"https:\/\/www.instagram.com\/p\/DGTnO3Num9E\/\">&#8222;Kreativ. Rebellisch. Laut. Queerfeministischen Perspektiven in der Kunst <\/a>\/\/ Alte Limofabrik Koblenz \/\/ feministas Koblenz<\/p>\n\n\n\n<p>Untenstehend ein Einblick. Bei Interesse sende ich gerne hochaufgel\u00f6ste Fotos zu.<\/p>\n\n\n\n<pre id=\"block-c2288530-a967-4dd3-892c-98e2a5a30192\" class=\"wp-block-preformatted\">\u00d6l<\/pre>\n\n\n\n<figure class=\"wp-block-gallery has-nested-images columns-default is-cropped wp-block-gallery-1 is-layout-flex wp-block-gallery-is-layout-flex\">\n<figure class=\"wp-block-image size-large\"><img loading=\"lazy\" decoding=\"async\" width=\"683\" height=\"1024\" data-id=\"283\" src=\"https:\/\/leajung.net\/wp-content\/uploads\/2025\/03\/photo_2025-03-11-11.31.14-683x1024.jpeg\" alt=\"\" class=\"wp-image-283\" srcset=\"https:\/\/leajung.net\/wp-content\/uploads\/2025\/03\/photo_2025-03-11-11.31.14-683x1024.jpeg 683w, https:\/\/leajung.net\/wp-content\/uploads\/2025\/03\/photo_2025-03-11-11.31.14-200x300.jpeg 200w, https:\/\/leajung.net\/wp-content\/uploads\/2025\/03\/photo_2025-03-11-11.31.14-768x1151.jpeg 768w, https:\/\/leajung.net\/wp-content\/uploads\/2025\/03\/photo_2025-03-11-11.31.14.jpeg 854w\" sizes=\"auto, (max-width: 683px) 100vw, 683px\" \/><figcaption class=\"wp-element-caption\">Studie: Unknown pinterest aesthetics I \/\/ \u00d6l auf Papier \/\/ 15 x 20 \/\/ 2019<\/figcaption><\/figure>\n\n\n\n<figure class=\"wp-block-image size-large\"><img loading=\"lazy\" decoding=\"async\" width=\"768\" height=\"1024\" data-id=\"284\" src=\"https:\/\/leajung.net\/wp-content\/uploads\/2025\/03\/photo_2025-03-11-11.31.11-768x1024.jpeg\" alt=\"\" class=\"wp-image-284\" srcset=\"https:\/\/leajung.net\/wp-content\/uploads\/2025\/03\/photo_2025-03-11-11.31.11-768x1024.jpeg 768w, https:\/\/leajung.net\/wp-content\/uploads\/2025\/03\/photo_2025-03-11-11.31.11-225x300.jpeg 225w, https:\/\/leajung.net\/wp-content\/uploads\/2025\/03\/photo_2025-03-11-11.31.11.jpeg 960w\" sizes=\"auto, (max-width: 768px) 100vw, 768px\" \/><figcaption class=\"wp-element-caption\">Studie: Unknown pinterest aesthetics II \/\/ \u00d6l auf Papier \/\/ 15 x 20 \/\/ 2019 <\/figcaption><\/figure>\n\n\n\n<figure class=\"wp-block-image size-large\"><img loading=\"lazy\" decoding=\"async\" width=\"768\" height=\"1024\" data-id=\"286\" src=\"https:\/\/leajung.net\/wp-content\/uploads\/2025\/03\/photo_2025-03-11-11.31.04-768x1024.jpeg\" alt=\"\" class=\"wp-image-286\" srcset=\"https:\/\/leajung.net\/wp-content\/uploads\/2025\/03\/photo_2025-03-11-11.31.04-768x1024.jpeg 768w, https:\/\/leajung.net\/wp-content\/uploads\/2025\/03\/photo_2025-03-11-11.31.04-225x300.jpeg 225w, https:\/\/leajung.net\/wp-content\/uploads\/2025\/03\/photo_2025-03-11-11.31.04.jpeg 960w\" sizes=\"auto, (max-width: 768px) 100vw, 768px\" \/><figcaption class=\"wp-element-caption\">Studie: Unknown pinterest aesthetics IV \/\/ \u00d6l auf Holz \/\/ 10 x 8 \/\/ 2019<\/figcaption><\/figure>\n\n\n\n<figure class=\"wp-block-image size-large\" style=\"margin-top:var(--wp--preset--spacing--40);margin-bottom:var(--wp--preset--spacing--40)\"><img loading=\"lazy\" decoding=\"async\" width=\"683\" height=\"1024\" data-id=\"282\" src=\"https:\/\/leajung.net\/wp-content\/uploads\/2025\/03\/photo_2025-03-11-11.31.01-683x1024.jpeg\" alt=\"\" class=\"wp-image-282\" srcset=\"https:\/\/leajung.net\/wp-content\/uploads\/2025\/03\/photo_2025-03-11-11.31.01-683x1024.jpeg 683w, https:\/\/leajung.net\/wp-content\/uploads\/2025\/03\/photo_2025-03-11-11.31.01-200x300.jpeg 200w, https:\/\/leajung.net\/wp-content\/uploads\/2025\/03\/photo_2025-03-11-11.31.01-768x1151.jpeg 768w, https:\/\/leajung.net\/wp-content\/uploads\/2025\/03\/photo_2025-03-11-11.31.01.jpeg 854w\" sizes=\"auto, (max-width: 683px) 100vw, 683px\" \/><figcaption class=\"wp-element-caption\">Studie: Unknown pinterest aesthetics V \/\/ \u00d6l auf Holz \/\/ 20 x 8 \/\/ 2019<\/figcaption><\/figure>\n\n\n\n<figure class=\"wp-block-image size-large\" style=\"margin-top:var(--wp--preset--spacing--40);margin-bottom:var(--wp--preset--spacing--40)\"><img loading=\"lazy\" decoding=\"async\" width=\"774\" height=\"1024\" data-id=\"303\" src=\"https:\/\/leajung.net\/wp-content\/uploads\/2025\/03\/photo_2025-03-11-11.59.45-774x1024.jpeg\" alt=\"\" class=\"wp-image-303\" srcset=\"https:\/\/leajung.net\/wp-content\/uploads\/2025\/03\/photo_2025-03-11-11.59.45-774x1024.jpeg 774w, https:\/\/leajung.net\/wp-content\/uploads\/2025\/03\/photo_2025-03-11-11.59.45-227x300.jpeg 227w, https:\/\/leajung.net\/wp-content\/uploads\/2025\/03\/photo_2025-03-11-11.59.45-768x1017.jpeg 768w, https:\/\/leajung.net\/wp-content\/uploads\/2025\/03\/photo_2025-03-11-11.59.45.jpeg 967w\" sizes=\"auto, (max-width: 774px) 100vw, 774px\" \/><figcaption class=\"wp-element-caption\">Studie: Unknown pinterest aesthetics VI \/\/ \u00d6l auf Leinwand \/\/ 40 x 30 \/\/ 2019<\/figcaption><\/figure>\n\n\n\n<figure class=\"wp-block-image size-large\" style=\"margin-top:0;margin-right:var(--wp--preset--spacing--30);margin-bottom:0;margin-left:var(--wp--preset--spacing--30)\"><img loading=\"lazy\" decoding=\"async\" width=\"777\" height=\"1035\" data-id=\"320\" src=\"https:\/\/leajung.net\/wp-content\/uploads\/2025\/03\/Bildschirmfoto-2025-03-11-um-15.02.48-edited.png\" alt=\"\" class=\"wp-image-320\" srcset=\"https:\/\/leajung.net\/wp-content\/uploads\/2025\/03\/Bildschirmfoto-2025-03-11-um-15.02.48-edited.png 777w, https:\/\/leajung.net\/wp-content\/uploads\/2025\/03\/Bildschirmfoto-2025-03-11-um-15.02.48-edited-225x300.png 225w, https:\/\/leajung.net\/wp-content\/uploads\/2025\/03\/Bildschirmfoto-2025-03-11-um-15.02.48-edited-769x1024.png 769w, https:\/\/leajung.net\/wp-content\/uploads\/2025\/03\/Bildschirmfoto-2025-03-11-um-15.02.48-edited-768x1023.png 768w\" sizes=\"auto, (max-width: 777px) 100vw, 777px\" \/><figcaption class=\"wp-element-caption\">Hugo \/\/ \u00d6l auf Leinwand \/\/ 40 x 30 \/\/ 2021<\/figcaption><\/figure>\n\n\n\n<figure class=\"wp-block-image size-large\"><img loading=\"lazy\" decoding=\"async\" width=\"768\" height=\"1024\" data-id=\"288\" src=\"https:\/\/leajung.net\/wp-content\/uploads\/2025\/03\/photo_2025-03-11-11.30.57-768x1024.jpeg\" alt=\"\" class=\"wp-image-288\" srcset=\"https:\/\/leajung.net\/wp-content\/uploads\/2025\/03\/photo_2025-03-11-11.30.57-768x1024.jpeg 768w, https:\/\/leajung.net\/wp-content\/uploads\/2025\/03\/photo_2025-03-11-11.30.57-225x300.jpeg 225w, https:\/\/leajung.net\/wp-content\/uploads\/2025\/03\/photo_2025-03-11-11.30.57.jpeg 960w\" sizes=\"auto, (max-width: 768px) 100vw, 768px\" \/><figcaption class=\"wp-element-caption\">Gib mir keine Kr\u00fcmel \/\/ \u00d6l auf Leinwand \/\/ 50&#215;70 \/\/ 2025<\/figcaption><\/figure>\n\n\n\n<figure class=\"wp-block-image size-full\" style=\"margin-top:var(--wp--preset--spacing--60);margin-bottom:var(--wp--preset--spacing--60)\"><img loading=\"lazy\" decoding=\"async\" width=\"1280\" height=\"960\" data-id=\"307\" src=\"https:\/\/leajung.net\/wp-content\/uploads\/2025\/03\/photo_2025-03-11-11.59.50-edited.jpeg\" alt=\"\" class=\"wp-image-307\" srcset=\"https:\/\/leajung.net\/wp-content\/uploads\/2025\/03\/photo_2025-03-11-11.59.50-edited.jpeg 1280w, https:\/\/leajung.net\/wp-content\/uploads\/2025\/03\/photo_2025-03-11-11.59.50-edited-300x225.jpeg 300w, https:\/\/leajung.net\/wp-content\/uploads\/2025\/03\/photo_2025-03-11-11.59.50-edited-1024x768.jpeg 1024w, https:\/\/leajung.net\/wp-content\/uploads\/2025\/03\/photo_2025-03-11-11.59.50-edited-768x576.jpeg 768w\" sizes=\"auto, (max-width: 1280px) 100vw, 1280px\" \/><figcaption class=\"wp-element-caption\">emPOWER \/\/ \u00d6l auf Leinwand \/\/ 30 x 40 \/\/ 2025<\/figcaption><\/figure>\n<\/figure>\n\n\n\n<p>Linoldruck<\/p>\n\n\n\n<figure class=\"wp-block-gallery has-nested-images columns-default wp-block-gallery-2 is-layout-flex wp-block-gallery-is-layout-flex\">\n<figure class=\"wp-block-image size-large\"><img loading=\"lazy\" decoding=\"async\" width=\"719\" height=\"1024\" data-id=\"292\" src=\"https:\/\/leajung.net\/wp-content\/uploads\/2025\/03\/photo_2025-03-11-11.44.19-719x1024.jpeg\" alt=\"\" class=\"wp-image-292\" srcset=\"https:\/\/leajung.net\/wp-content\/uploads\/2025\/03\/photo_2025-03-11-11.44.19-719x1024.jpeg 719w, https:\/\/leajung.net\/wp-content\/uploads\/2025\/03\/photo_2025-03-11-11.44.19-211x300.jpeg 211w, https:\/\/leajung.net\/wp-content\/uploads\/2025\/03\/photo_2025-03-11-11.44.19-768x1093.jpeg 768w, https:\/\/leajung.net\/wp-content\/uploads\/2025\/03\/photo_2025-03-11-11.44.19.jpeg 899w\" sizes=\"auto, (max-width: 719px) 100vw, 719px\" \/><figcaption class=\"wp-element-caption\">Bei\u00df die Hand \/\/ Linoldruck auf Papier \/\/ 30 x 20 \/\/ 2024<\/figcaption><\/figure>\n\n\n\n<figure class=\"wp-block-image size-large\"><img loading=\"lazy\" decoding=\"async\" width=\"1024\" height=\"716\" data-id=\"293\" src=\"https:\/\/leajung.net\/wp-content\/uploads\/2025\/03\/photo_2025-03-11-11.44.22-1024x716.jpeg\" alt=\"\" class=\"wp-image-293\" srcset=\"https:\/\/leajung.net\/wp-content\/uploads\/2025\/03\/photo_2025-03-11-11.44.22-1024x716.jpeg 1024w, https:\/\/leajung.net\/wp-content\/uploads\/2025\/03\/photo_2025-03-11-11.44.22-300x210.jpeg 300w, https:\/\/leajung.net\/wp-content\/uploads\/2025\/03\/photo_2025-03-11-11.44.22-768x537.jpeg 768w, https:\/\/leajung.net\/wp-content\/uploads\/2025\/03\/photo_2025-03-11-11.44.22.jpeg 1280w\" sizes=\"auto, (max-width: 1024px) 100vw, 1024px\" \/><figcaption class=\"wp-element-caption\">Hot Priest Missing \/\/ Linoldruck auf Papier \/\/ 20 x 30 \/\/ 2024<\/figcaption><\/figure>\n<\/figure>\n","protected":false},"excerpt":{"rendered":"<p>\/\/ bass guitar \/\/ synths \/\/ producing \/\/ guitar \/\/ \/\/ \u00d6lmalerei \/\/ Zeichnungen \/\/ Linolschnitt \/\/ In meinen k\u00fcnstlerisch-bildnerischen Arbeiten faszinieren mich im Besonderen Portr\u00e4ts und popkulturelle Motive. Mein bevorzugtes Medium ist \u00d6lfarbe, da sie mir erm\u00f6glicht sowohl filigran als auch pastos zu arbeiten und eine besondere Brillanz von Farbe zul\u00e4sst. M\u00e4rz 2025: erste [&hellip;]<\/p>\n","protected":false},"author":1,"featured_media":0,"parent":0,"menu_order":0,"comment_status":"closed","ping_status":"closed","template":"","meta":{"footnotes":""},"class_list":["post-151","page","type-page","status-publish","hentry"],"_links":{"self":[{"href":"https:\/\/leajung.net\/index.php?rest_route=\/wp\/v2\/pages\/151","targetHints":{"allow":["GET"]}}],"collection":[{"href":"https:\/\/leajung.net\/index.php?rest_route=\/wp\/v2\/pages"}],"about":[{"href":"https:\/\/leajung.net\/index.php?rest_route=\/wp\/v2\/types\/page"}],"author":[{"embeddable":true,"href":"https:\/\/leajung.net\/index.php?rest_route=\/wp\/v2\/users\/1"}],"replies":[{"embeddable":true,"href":"https:\/\/leajung.net\/index.php?rest_route=%2Fwp%2Fv2%2Fcomments&post=151"}],"version-history":[{"count":19,"href":"https:\/\/leajung.net\/index.php?rest_route=\/wp\/v2\/pages\/151\/revisions"}],"predecessor-version":[{"id":321,"href":"https:\/\/leajung.net\/index.php?rest_route=\/wp\/v2\/pages\/151\/revisions\/321"}],"wp:attachment":[{"href":"https:\/\/leajung.net\/index.php?rest_route=%2Fwp%2Fv2%2Fmedia&parent=151"}],"curies":[{"name":"wp","href":"https:\/\/api.w.org\/{rel}","templated":true}]}}